{"id":92,"date":"2025-02-22T14:06:03","date_gmt":"2025-02-22T17:06:03","guid":{"rendered":"https:\/\/lemosdba.com.br\/?page_id=92"},"modified":"2026-02-05T15:48:29","modified_gmt":"2026-02-05T18:48:29","slug":"about","status":"publish","type":"page","link":"https:\/\/lemosdba.com.br\/en\/about\/","title":{"rendered":"About"},"content":{"rendered":"<p class=\"has-text-align-left justify-text has-ast-global-color-4-background-color has-background\">I work as a Database Administrator and am an enthusiast of DBMSs (mainly Oracle and PostgreSQL) and their related areas, such as operating systems and environment monitoring (hosts and services).<br><br>This blog was created to share content related to database management systems.<br><br>The posts on this blog are intended to present content about behaviors observed in tests and\/or specific situations, which are not always compatible with the scenarios found in different systems.<br><br>Service systems (databases, applications, among others) may have complexities and limitations beyond what is shown here. Therefore, when intending to apply anything, it is very important to first perform tests in controlled environments before putting it into production. Commands may vary in their applicability and results across different environments.<\/p>\n\n\n\n<p><\/p>","protected":false},"excerpt":{"rendered":"<p>Atuo como Administrador de Banco de Dados e sou entusiasta dos SGBDs (principlamente do Oracle e do PostgreSQL) e de suas \u00e1reas correlatas, a exemplo de sistemas operacionais e monitora\u00e7\u00e3o de ambientes (hosts e servi\u00e7os). Esse blog foi criado para para compartilhar conte\u00fados relacionados aos sistemas de gerenciamento de banco de dados. As publica\u00e7\u00f5es nesse [&hellip;]<\/p>\n","protected":false},"author":1,"featured_media":0,"parent":0,"menu_order":0,"comment_status":"closed","ping_status":"closed","template":"","meta":{"site-sidebar-layout":"default","site-content-layout":"","ast-site-content-layout":"","site-content-style":"default","site-sidebar-style":"default","ast-global-header-display":"","ast-banner-title-visibility":"","ast-main-header-display":"","ast-hfb-above-header-display":"","ast-hfb-below-header-display":"","ast-hfb-mobile-header-display":"","site-post-title":"","ast-breadcrumbs-content":"","ast-featured-img":"","footer-sml-layout":"","ast-disable-related-posts":"","theme-transparent-header-meta":"","adv-header-id-meta":"","stick-header-meta":"","header-above-stick-meta":"","header-main-stick-meta":"","header-below-stick-meta":"","astra-migrate-meta-layouts":"default","ast-page-background-enabled":"default","ast-page-background-meta":{"desktop":{"background-color":"var(--ast-global-color-5)","background-image":"","background-repeat":"repeat","background-position":"center center","background-size":"auto","background-attachment":"scroll","background-type":"","background-media":"","overlay-type":"","overlay-color":"","overlay-opacity":"","overlay-gradient":""},"tablet":{"background-color":"","background-image":"","background-repeat":"repeat","background-position":"center center","background-size":"auto","background-attachment":"scroll","background-type":"","background-media":"","overlay-type":"","overlay-color":"","overlay-opacity":"","overlay-gradient":""},"mobile":{"background-color":"","background-image":"","background-repeat":"repeat","background-position":"center center","background-size":"auto","background-attachment":"scroll","background-type":"","background-media":"","overlay-type":"","overlay-color":"","overlay-opacity":"","overlay-gradient":""}},"ast-content-background-meta":{"desktop":{"background-color":"var(--ast-global-color-4)","background-image":"","background-repeat":"repeat","background-position":"center center","background-size":"auto","background-attachment":"scroll","background-type":"","background-media":"","overlay-type":"","overlay-color":"","overlay-opacity":"","overlay-gradient":""},"tablet":{"background-color":"var(--ast-global-color-4)","background-image":"","background-repeat":"repeat","background-position":"center center","background-size":"auto","background-attachment":"scroll","background-type":"","background-media":"","overlay-type":"","overlay-color":"","overlay-opacity":"","overlay-gradient":""},"mobile":{"background-color":"var(--ast-global-color-4)","background-image":"","background-repeat":"repeat","background-position":"center center","background-size":"auto","background-attachment":"scroll","background-type":"","background-media":"","overlay-type":"","overlay-color":"","overlay-opacity":"","overlay-gradient":""}},"footnotes":""},"class_list":["post-92","page","type-page","status-publish","hentry"],"_links":{"self":[{"href":"https:\/\/lemosdba.com.br\/en\/wp-json\/wp\/v2\/pages\/92","targetHints":{"allow":["GET"]}}],"collection":[{"href":"https:\/\/lemosdba.com.br\/en\/wp-json\/wp\/v2\/pages"}],"about":[{"href":"https:\/\/lemosdba.com.br\/en\/wp-json\/wp\/v2\/types\/page"}],"author":[{"embeddable":true,"href":"https:\/\/lemosdba.com.br\/en\/wp-json\/wp\/v2\/users\/1"}],"replies":[{"embeddable":true,"href":"https:\/\/lemosdba.com.br\/en\/wp-json\/wp\/v2\/comments?post=92"}],"version-history":[{"count":23,"href":"https:\/\/lemosdba.com.br\/en\/wp-json\/wp\/v2\/pages\/92\/revisions"}],"predecessor-version":[{"id":1071,"href":"https:\/\/lemosdba.com.br\/en\/wp-json\/wp\/v2\/pages\/92\/revisions\/1071"}],"wp:attachment":[{"href":"https:\/\/lemosdba.com.br\/en\/wp-json\/wp\/v2\/media?parent=92"}],"curies":[{"name":"wp","href":"https:\/\/api.w.org\/{rel}","templated":true}]}}